{"id":1333,"date":"2022-02-08T11:29:43","date_gmt":"2022-02-08T10:29:43","guid":{"rendered":"https:\/\/www.castellatemar.com\/informazioni-utili\/"},"modified":"2026-01-31T18:07:33","modified_gmt":"2026-01-31T17:07:33","slug":"nuetzliche-informationen","status":"publish","type":"page","link":"https:\/\/www.castellatemar.com\/de\/nuetzliche-informationen\/","title":{"rendered":"N\u00fctzliche Informationen"},"content":{"rendered":"<div  class=\"grids-section padding-sides grids-is-advanced alignfull\" style=\"--_gs-gap-desktop:0px 0px;--_gs-m-desktop:0 0 0 0;--_gs-p-desktop:0 0 0 0;--_gs-bg-desktop:transparent none;--_gs-bg-xp-desktop:0px;--_gs-zi-desktop:auto;--_gs-d-desktop:block;--_gs-mw-desktop:calc(100% - 0 - 0);--_gs-gap-tablet:0px 0px;--_gs-m-tablet:0 0 0 0;--_gs-p-tablet:0 0 0 0;--_gs-bg-tablet:transparent none;--_gs-bg-xp-tablet:0px;--_gs-zi-tablet:auto;--_gs-d-tablet:block;--_gs-mw-tablet:calc(100% - 0 - 0);--_gs-gap-mobile:0px 0px;--_gs-m-mobile:0 0 0 0;--_gs-p-mobile:0 0 0 0;--_gs-bg-mobile:transparent none;--_gs-bg-xp-mobile:0px;--_gs-zi-mobile:auto;--_gs-d-mobile:block;--_gs-mw-mobile:calc(100% - 0 - 0);--_gs-columns:12;--_gs-rows:6\"><div class=\"grids-s-w_i\">\n<div class=\"grids-area\" style=\"--_ga-column:2\/12;--_ga-row:1\/7;--_ga-m-desktop:0 0 0 0;--_ga-p-desktop:0 0 0 0;--_ga-bg-desktop:transparent none;--_ga-zi-desktop:auto;--_ga-d-desktop:flex;--_ga-mw-desktop:calc(100% - 0 - 0);--_ga-m-tablet:0 0 0 0;--_ga-p-tablet:0 0 0 0;--_ga-bg-tablet:transparent none;--_ga-zi-tablet:auto;--_ga-d-tablet:flex;--_ga-mw-tablet:calc(100% - 0 - 0);--_ga-m-mobile:0 0 0 0;--_ga-p-mobile:0 0 0 0;--_ga-bg-mobile:transparent none;--_ga-zi-mobile:auto;--_ga-d-mobile:flex;--_ga-mw-mobile:calc(100% - 0 - 0)\">\n\n<h2 class=\"wp-block-heading has-text-align-center tit-de-max-size\" id=\"condizioni-di-soggiorno\">Aufenthaltsbedingungen<\/h2>\n\n\n\n<p><strong>Check-In<\/strong>: ab 14.00&nbsp;Uhr<\/p>\n\n\n\n<p><strong>Check-Out<\/strong>: bis 10.00&nbsp;Uhr<\/p>\n\n\n\n<p>Haustiere sind nicht erlaubt<\/p>\n\n\n\n<p><strong>Kurtaxe<\/strong>: \u20ac 3.95<\/p>\n\n\n\n<p><strong>Akzeptierte Kreditkarten<\/strong>: Visa, Mastercard&nbsp;<\/p>\n\n\n\n\n\n\n\n\n\n\n<div  class=\"grids-section grids-is-stretch\" style=\"--_gs-gap-desktop:0px 0px;--_gs-m-desktop:0 0 0 0;--_gs-p-desktop:0 0 0 0;--_gs-bg-desktop:transparent none;--_gs-bg-xp-desktop:0px;--_gs-zi-desktop:auto;--_gs-d-desktop:block;--_gs-mw-desktop:calc(100% - 0 - 0);--_gs-gap-tablet:0px 0px;--_gs-m-tablet:0 0 0 0;--_gs-p-tablet:0 0 0 0;--_gs-bg-tablet:transparent none;--_gs-bg-xp-tablet:0px;--_gs-zi-tablet:auto;--_gs-d-tablet:block;--_gs-mw-tablet:calc(100% - 0 - 0);--_gs-gap-mobile:0px 0px;--_gs-m-mobile:0 0 0 0;--_gs-p-mobile:0 0 0 0;--_gs-bg-mobile:transparent none;--_gs-bg-xp-mobile:0px;--_gs-zi-mobile:auto;--_gs-d-mobile:block;--_gs-mw-mobile:calc(100% - 0 - 0);--_gs-columns:1;--_gs-rows:1\"><div class=\"grids-s-w_i\">\n<div class=\"grids-area\" style=\"--_ga-column:1\/2;--_ga-row:1\/2;--_ga-m-desktop:0 0 0 0;--_ga-p-desktop:0 0 0 0;--_ga-bg-desktop:transparent none;--_ga-zi-desktop:auto;--_ga-d-desktop:flex;--_ga-mw-desktop:calc(100% - 0 - 0);--_ga-m-tablet:0 0 0 0;--_ga-p-tablet:0 0 0 0;--_ga-bg-tablet:transparent none;--_ga-zi-tablet:auto;--_ga-d-tablet:flex;--_ga-mw-tablet:calc(100% - 0 - 0);--_ga-m-mobile:0 0 0 0;--_ga-p-mobile:0 0 0 0;--_ga-bg-mobile:transparent none;--_ga-zi-mobile:auto;--_ga-d-mobile:flex;--_ga-mw-mobile:calc(100% - 0 - 0)\"><\/div>\n<\/div><\/div>\n<\/div>\n<\/div><\/div>\n\n<div  class=\"grids-section padding-sides grids-is-advanced alignfull\" style=\"--_gs-gap-desktop:0px 0px;--_gs-m-desktop:0 0 0 0;--_gs-p-desktop:0 0 0 0;--_gs-bg-desktop:transparent none;--_gs-bg-xp-desktop:0px;--_gs-zi-desktop:auto;--_gs-d-desktop:block;--_gs-mw-desktop:calc(100% - 0 - 0);--_gs-gap-tablet:0px 0px;--_gs-m-tablet:0 0 0 0;--_gs-p-tablet:0 0 0 0;--_gs-bg-tablet:transparent none;--_gs-bg-xp-tablet:0px;--_gs-zi-tablet:auto;--_gs-d-tablet:block;--_gs-mw-tablet:calc(100% - 0 - 0);--_gs-gap-mobile:0px 0px;--_gs-m-mobile:0 0 0 0;--_gs-p-mobile:0 0 0 0;--_gs-bg-mobile:transparent none;--_gs-bg-xp-mobile:0px;--_gs-zi-mobile:auto;--_gs-d-mobile:block;--_gs-mw-mobile:calc(100% - 0 - 0);--_gs-columns:12;--_gs-rows:6\"><div class=\"grids-s-w_i\">\n<div class=\"grids-area\" style=\"--_ga-column:2\/12;--_ga-row:1\/7;--_ga-m-desktop:0 0 0 0;--_ga-p-desktop:0 0 0 0;--_ga-bg-desktop:transparent none;--_ga-zi-desktop:auto;--_ga-d-desktop:flex;--_ga-mw-desktop:calc(100% - 0 - 0);--_ga-m-tablet:0 0 0 0;--_ga-p-tablet:0 0 0 0;--_ga-bg-tablet:transparent none;--_ga-zi-tablet:auto;--_ga-d-tablet:flex;--_ga-mw-tablet:calc(100% - 0 - 0);--_ga-m-mobile:0 0 0 0;--_ga-p-mobile:0 0 0 0;--_ga-bg-mobile:transparent none;--_ga-zi-mobile:auto;--_ga-d-mobile:flex;--_ga-mw-mobile:calc(100% - 0 - 0)\">\n\n<h2 class=\"wp-block-heading has-text-align-center tit-de-max-size\" id=\"condizioni-di-soggiorno\">Buchungsbest\u00e4tigung<\/h2>\n\n\n\n<p>Die Reservierung ist erst nach Eingang der Anzahlung g\u00fcltig.<\/p>\n\n\n\n\n\n\n\n\n\n\n\n\n\n\n<div  class=\"grids-section grids-is-stretch\" style=\"--_gs-gap-desktop:0px 0px;--_gs-m-desktop:0 0 0 0;--_gs-p-desktop:0 0 0 0;--_gs-bg-desktop:transparent none;--_gs-bg-xp-desktop:0px;--_gs-zi-desktop:auto;--_gs-d-desktop:block;--_gs-mw-desktop:calc(100% - 0 - 0);--_gs-gap-tablet:0px 0px;--_gs-m-tablet:0 0 0 0;--_gs-p-tablet:0 0 0 0;--_gs-bg-tablet:transparent none;--_gs-bg-xp-tablet:0px;--_gs-zi-tablet:auto;--_gs-d-tablet:block;--_gs-mw-tablet:calc(100% - 0 - 0);--_gs-gap-mobile:0px 0px;--_gs-m-mobile:0 0 0 0;--_gs-p-mobile:0 0 0 0;--_gs-bg-mobile:transparent none;--_gs-bg-xp-mobile:0px;--_gs-zi-mobile:auto;--_gs-d-mobile:block;--_gs-mw-mobile:calc(100% - 0 - 0);--_gs-columns:1;--_gs-rows:1\"><div class=\"grids-s-w_i\">\n<div class=\"grids-area\" style=\"--_ga-column:1\/2;--_ga-row:1\/2;--_ga-m-desktop:0 0 0 0;--_ga-p-desktop:0 0 0 0;--_ga-bg-desktop:transparent none;--_ga-zi-desktop:auto;--_ga-d-desktop:flex;--_ga-mw-desktop:calc(100% - 0 - 0);--_ga-m-tablet:0 0 0 0;--_ga-p-tablet:0 0 0 0;--_ga-bg-tablet:transparent none;--_ga-zi-tablet:auto;--_ga-d-tablet:flex;--_ga-mw-tablet:calc(100% - 0 - 0);--_ga-m-mobile:0 0 0 0;--_ga-p-mobile:0 0 0 0;--_ga-bg-mobile:transparent none;--_ga-zi-mobile:auto;--_ga-d-mobile:flex;--_ga-mw-mobile:calc(100% - 0 - 0)\"><\/div>\n<\/div><\/div>\n<\/div>\n<\/div><\/div>\n\n<div  class=\"grids-section padding-sides grids-is-advanced alignfull\" style=\"--_gs-gap-desktop:0px 0px;--_gs-m-desktop:0 0 0 0;--_gs-p-desktop:0 0 0 0;--_gs-bg-desktop:transparent none;--_gs-bg-xp-desktop:0px;--_gs-zi-desktop:auto;--_gs-d-desktop:block;--_gs-mw-desktop:calc(100% - 0 - 0);--_gs-gap-tablet:0px 0px;--_gs-m-tablet:0 0 0 0;--_gs-p-tablet:0 0 0 0;--_gs-bg-tablet:transparent none;--_gs-bg-xp-tablet:0px;--_gs-zi-tablet:auto;--_gs-d-tablet:block;--_gs-mw-tablet:calc(100% - 0 - 0);--_gs-gap-mobile:0px 0px;--_gs-m-mobile:0 0 0 0;--_gs-p-mobile:0 0 0 0;--_gs-bg-mobile:transparent none;--_gs-bg-xp-mobile:0px;--_gs-zi-mobile:auto;--_gs-d-mobile:block;--_gs-mw-mobile:calc(100% - 0 - 0);--_gs-columns:12;--_gs-rows:6\"><div class=\"grids-s-w_i\">\n<div class=\"grids-area\" style=\"--_ga-column:2\/12;--_ga-row:1\/7;--_ga-m-desktop:0 0 0 0;--_ga-p-desktop:0 0 0 0;--_ga-bg-desktop:transparent none;--_ga-zi-desktop:auto;--_ga-d-desktop:flex;--_ga-mw-desktop:calc(100% - 0 - 0);--_ga-m-tablet:0 0 0 0;--_ga-p-tablet:0 0 0 0;--_ga-bg-tablet:transparent none;--_ga-zi-tablet:auto;--_ga-d-tablet:flex;--_ga-mw-tablet:calc(100% - 0 - 0);--_ga-m-mobile:0 0 0 0;--_ga-p-mobile:0 0 0 0;--_ga-bg-mobile:transparent none;--_ga-zi-mobile:auto;--_ga-d-mobile:flex;--_ga-mw-mobile:calc(100% - 0 - 0)\">\n\n<h2 class=\"wp-block-heading has-text-align-center tit-de-max-size\" id=\"condizioni-di-soggiorno\">Stornierungsbedingungen<\/h2>\n\n\n\n<p>Stornierung ab 7 Tage vor Anreise \/ No Show \/ versp\u00e4tete Anreise \/ vorzeitige Abreise: 100% des Gesamtbetrages.\u00a0<br><\/p>\n\n\n\n\n\n\n\n\n\n\n\n\n\n\n<div  class=\"grids-section grids-is-stretch\" style=\"--_gs-gap-desktop:0px 0px;--_gs-m-desktop:0 0 0 0;--_gs-p-desktop:0 0 0 0;--_gs-bg-desktop:transparent none;--_gs-bg-xp-desktop:0px;--_gs-zi-desktop:auto;--_gs-d-desktop:block;--_gs-mw-desktop:calc(100% - 0 - 0);--_gs-gap-tablet:0px 0px;--_gs-m-tablet:0 0 0 0;--_gs-p-tablet:0 0 0 0;--_gs-bg-tablet:transparent none;--_gs-bg-xp-tablet:0px;--_gs-zi-tablet:auto;--_gs-d-tablet:block;--_gs-mw-tablet:calc(100% - 0 - 0);--_gs-gap-mobile:0px 0px;--_gs-m-mobile:0 0 0 0;--_gs-p-mobile:0 0 0 0;--_gs-bg-mobile:transparent none;--_gs-bg-xp-mobile:0px;--_gs-zi-mobile:auto;--_gs-d-mobile:block;--_gs-mw-mobile:calc(100% - 0 - 0);--_gs-columns:1;--_gs-rows:1\"><div class=\"grids-s-w_i\">\n<div class=\"grids-area\" style=\"--_ga-column:1\/2;--_ga-row:1\/2;--_ga-m-desktop:0 0 0 0;--_ga-p-desktop:0 0 0 0;--_ga-bg-desktop:transparent none;--_ga-zi-desktop:auto;--_ga-d-desktop:flex;--_ga-mw-desktop:calc(100% - 0 - 0);--_ga-m-tablet:0 0 0 0;--_ga-p-tablet:0 0 0 0;--_ga-bg-tablet:transparent none;--_ga-zi-tablet:auto;--_ga-d-tablet:flex;--_ga-mw-tablet:calc(100% - 0 - 0);--_ga-m-mobile:0 0 0 0;--_ga-p-mobile:0 0 0 0;--_ga-bg-mobile:transparent none;--_ga-zi-mobile:auto;--_ga-d-mobile:flex;--_ga-mw-mobile:calc(100% - 0 - 0)\"><\/div>\n<\/div><\/div>\n<\/div>\n<\/div><\/div>\n\n\n\n","protected":false},"excerpt":{"rendered":"","protected":false},"author":2,"featured_media":1184,"parent":0,"menu_order":0,"comment_status":"closed","ping_status":"closed","template":"","meta":{"_acf_changed":false,"advgb_blocks_editor_width":"","advgb_blocks_columns_visual_guide":"","footnotes":""},"class_list":["post-1333","page","type-page","status-publish","has-post-thumbnail","hentry","entry"],"acf":[],"yoast_head":"<!-- This site is optimized with the Yoast SEO plugin v26.0 - https:\/\/yoast.com\/wordpress\/plugins\/seo\/ -->\n<title>N\u00fctzliche Informationen - Hotel Castel Latemar<\/title>\n<meta name=\"description\" content=\"N\u00fctzliche Info f\u00fcr Ihren Aufenthalt im Hotel Castel Latemar im Eggental.\" \/>\n<meta name=\"robots\" content=\"index, follow, max-snippet:-1, max-image-preview:large, max-video-preview:-1\" \/>\n<link rel=\"canonical\" href=\"https:\/\/www.castellatemar.com\/de\/nuetzliche-informationen\/\" \/>\n<meta property=\"og:locale\" content=\"de_DE\" \/>\n<meta property=\"og:type\" content=\"article\" \/>\n<meta property=\"og:title\" content=\"N\u00fctzliche Informationen - Hotel Castel Latemar\" \/>\n<meta property=\"og:description\" content=\"N\u00fctzliche Info f\u00fcr Ihren Aufenthalt im Hotel Castel Latemar im Eggental.\" \/>\n<meta property=\"og:url\" content=\"https:\/\/www.castellatemar.com\/de\/nuetzliche-informationen\/\" \/>\n<meta property=\"og:site_name\" content=\"Hotel Castel Latemar\" \/>\n<meta property=\"article:modified_time\" content=\"2026-01-31T17:07:33+00:00\" \/>\n<meta property=\"og:image\" content=\"https:\/\/www.castellatemar.com\/wp-content\/uploads\/2022\/02\/castel_latemar_esterni_02.jpg\" \/>\n\t<meta property=\"og:image:width\" content=\"2000\" \/>\n\t<meta property=\"og:image:height\" content=\"626\" \/>\n\t<meta property=\"og:image:type\" content=\"image\/jpeg\" \/>\n<meta name=\"twitter:card\" content=\"summary_large_image\" \/>\n<meta name=\"twitter:label1\" content=\"Gesch\u00e4tzte Lesezeit\" \/>\n\t<meta name=\"twitter:data1\" content=\"1\u00a0Minute\" \/>\n<script type=\"application\/ld+json\" class=\"yoast-schema-graph\">{\"@context\":\"https:\/\/schema.org\",\"@graph\":[{\"@type\":\"WebPage\",\"@id\":\"https:\/\/www.castellatemar.com\/de\/nuetzliche-informationen\/\",\"url\":\"https:\/\/www.castellatemar.com\/de\/nuetzliche-informationen\/\",\"name\":\"N\u00fctzliche Informationen - Hotel Castel Latemar\",\"isPartOf\":{\"@id\":\"https:\/\/www.castellatemar.com\/de\/#website\"},\"primaryImageOfPage\":{\"@id\":\"https:\/\/www.castellatemar.com\/de\/nuetzliche-informationen\/#primaryimage\"},\"image\":{\"@id\":\"https:\/\/www.castellatemar.com\/de\/nuetzliche-informationen\/#primaryimage\"},\"thumbnailUrl\":\"https:\/\/www.castellatemar.com\/wp-content\/uploads\/2022\/02\/castel_latemar_esterni_02.jpg\",\"datePublished\":\"2022-02-08T10:29:43+00:00\",\"dateModified\":\"2026-01-31T17:07:33+00:00\",\"description\":\"N\u00fctzliche Info f\u00fcr Ihren Aufenthalt im Hotel Castel Latemar im Eggental.\",\"breadcrumb\":{\"@id\":\"https:\/\/www.castellatemar.com\/de\/nuetzliche-informationen\/#breadcrumb\"},\"inLanguage\":\"de\",\"potentialAction\":[{\"@type\":\"ReadAction\",\"target\":[\"https:\/\/www.castellatemar.com\/de\/nuetzliche-informationen\/\"]}]},{\"@type\":\"ImageObject\",\"inLanguage\":\"de\",\"@id\":\"https:\/\/www.castellatemar.com\/de\/nuetzliche-informationen\/#primaryimage\",\"url\":\"https:\/\/www.castellatemar.com\/wp-content\/uploads\/2022\/02\/castel_latemar_esterni_02.jpg\",\"contentUrl\":\"https:\/\/www.castellatemar.com\/wp-content\/uploads\/2022\/02\/castel_latemar_esterni_02.jpg\",\"width\":2000,\"height\":626},{\"@type\":\"BreadcrumbList\",\"@id\":\"https:\/\/www.castellatemar.com\/de\/nuetzliche-informationen\/#breadcrumb\",\"itemListElement\":[{\"@type\":\"ListItem\",\"position\":1,\"name\":\"Home\",\"item\":\"https:\/\/www.castellatemar.com\/de\/\"},{\"@type\":\"ListItem\",\"position\":2,\"name\":\"N\u00fctzliche Informationen\"}]},{\"@type\":\"WebSite\",\"@id\":\"https:\/\/www.castellatemar.com\/de\/#website\",\"url\":\"https:\/\/www.castellatemar.com\/de\/\",\"name\":\"Hotel Castel Latemar\",\"description\":\"\",\"publisher\":{\"@id\":\"https:\/\/www.castellatemar.com\/de\/#organization\"},\"potentialAction\":[{\"@type\":\"SearchAction\",\"target\":{\"@type\":\"EntryPoint\",\"urlTemplate\":\"https:\/\/www.castellatemar.com\/de\/?s={search_term_string}\"},\"query-input\":{\"@type\":\"PropertyValueSpecification\",\"valueRequired\":true,\"valueName\":\"search_term_string\"}}],\"inLanguage\":\"de\"},{\"@type\":\"Organization\",\"@id\":\"https:\/\/www.castellatemar.com\/de\/#organization\",\"name\":\"Hotel Castel Latemar\",\"url\":\"https:\/\/www.castellatemar.com\/de\/\",\"logo\":{\"@type\":\"ImageObject\",\"inLanguage\":\"de\",\"@id\":\"https:\/\/www.castellatemar.com\/de\/#\/schema\/logo\/image\/\",\"url\":\"https:\/\/www.castellatemar.com\/wp-content\/uploads\/2022\/01\/logo.png\",\"contentUrl\":\"https:\/\/www.castellatemar.com\/wp-content\/uploads\/2022\/01\/logo.png\",\"width\":165,\"height\":125,\"caption\":\"Hotel Castel Latemar\"},\"image\":{\"@id\":\"https:\/\/www.castellatemar.com\/de\/#\/schema\/logo\/image\/\"}}]}<\/script>\n<!-- \/ Yoast SEO plugin. -->","yoast_head_json":{"title":"N\u00fctzliche Informationen - Hotel Castel Latemar","description":"N\u00fctzliche Info f\u00fcr Ihren Aufenthalt im Hotel Castel Latemar im Eggental.","robots":{"index":"index","follow":"follow","max-snippet":"max-snippet:-1","max-image-preview":"max-image-preview:large","max-video-preview":"max-video-preview:-1"},"canonical":"https:\/\/www.castellatemar.com\/de\/nuetzliche-informationen\/","og_locale":"de_DE","og_type":"article","og_title":"N\u00fctzliche Informationen - Hotel Castel Latemar","og_description":"N\u00fctzliche Info f\u00fcr Ihren Aufenthalt im Hotel Castel Latemar im Eggental.","og_url":"https:\/\/www.castellatemar.com\/de\/nuetzliche-informationen\/","og_site_name":"Hotel Castel Latemar","article_modified_time":"2026-01-31T17:07:33+00:00","og_image":[{"width":2000,"height":626,"url":"https:\/\/www.castellatemar.com\/wp-content\/uploads\/2022\/02\/castel_latemar_esterni_02.jpg","type":"image\/jpeg"}],"twitter_card":"summary_large_image","twitter_misc":{"Gesch\u00e4tzte Lesezeit":"1\u00a0Minute"},"schema":{"@context":"https:\/\/schema.org","@graph":[{"@type":"WebPage","@id":"https:\/\/www.castellatemar.com\/de\/nuetzliche-informationen\/","url":"https:\/\/www.castellatemar.com\/de\/nuetzliche-informationen\/","name":"N\u00fctzliche Informationen - Hotel Castel Latemar","isPartOf":{"@id":"https:\/\/www.castellatemar.com\/de\/#website"},"primaryImageOfPage":{"@id":"https:\/\/www.castellatemar.com\/de\/nuetzliche-informationen\/#primaryimage"},"image":{"@id":"https:\/\/www.castellatemar.com\/de\/nuetzliche-informationen\/#primaryimage"},"thumbnailUrl":"https:\/\/www.castellatemar.com\/wp-content\/uploads\/2022\/02\/castel_latemar_esterni_02.jpg","datePublished":"2022-02-08T10:29:43+00:00","dateModified":"2026-01-31T17:07:33+00:00","description":"N\u00fctzliche Info f\u00fcr Ihren Aufenthalt im Hotel Castel Latemar im Eggental.","breadcrumb":{"@id":"https:\/\/www.castellatemar.com\/de\/nuetzliche-informationen\/#breadcrumb"},"inLanguage":"de","potentialAction":[{"@type":"ReadAction","target":["https:\/\/www.castellatemar.com\/de\/nuetzliche-informationen\/"]}]},{"@type":"ImageObject","inLanguage":"de","@id":"https:\/\/www.castellatemar.com\/de\/nuetzliche-informationen\/#primaryimage","url":"https:\/\/www.castellatemar.com\/wp-content\/uploads\/2022\/02\/castel_latemar_esterni_02.jpg","contentUrl":"https:\/\/www.castellatemar.com\/wp-content\/uploads\/2022\/02\/castel_latemar_esterni_02.jpg","width":2000,"height":626},{"@type":"BreadcrumbList","@id":"https:\/\/www.castellatemar.com\/de\/nuetzliche-informationen\/#breadcrumb","itemListElement":[{"@type":"ListItem","position":1,"name":"Home","item":"https:\/\/www.castellatemar.com\/de\/"},{"@type":"ListItem","position":2,"name":"N\u00fctzliche Informationen"}]},{"@type":"WebSite","@id":"https:\/\/www.castellatemar.com\/de\/#website","url":"https:\/\/www.castellatemar.com\/de\/","name":"Hotel Castel Latemar","description":"","publisher":{"@id":"https:\/\/www.castellatemar.com\/de\/#organization"},"potentialAction":[{"@type":"SearchAction","target":{"@type":"EntryPoint","urlTemplate":"https:\/\/www.castellatemar.com\/de\/?s={search_term_string}"},"query-input":{"@type":"PropertyValueSpecification","valueRequired":true,"valueName":"search_term_string"}}],"inLanguage":"de"},{"@type":"Organization","@id":"https:\/\/www.castellatemar.com\/de\/#organization","name":"Hotel Castel Latemar","url":"https:\/\/www.castellatemar.com\/de\/","logo":{"@type":"ImageObject","inLanguage":"de","@id":"https:\/\/www.castellatemar.com\/de\/#\/schema\/logo\/image\/","url":"https:\/\/www.castellatemar.com\/wp-content\/uploads\/2022\/01\/logo.png","contentUrl":"https:\/\/www.castellatemar.com\/wp-content\/uploads\/2022\/01\/logo.png","width":165,"height":125,"caption":"Hotel Castel Latemar"},"image":{"@id":"https:\/\/www.castellatemar.com\/de\/#\/schema\/logo\/image\/"}}]}},"coauthors":[],"author_meta":{"author_link":"https:\/\/www.castellatemar.com\/de\/author\/c4st3l-l4tema4r\/","display_name":"c4st3l-l4tema4r"},"relative_dates":{"created":"Posted 4\u00a0Jahren ago","modified":"Updated 3\u00a0Monaten ago"},"absolute_dates":{"created":"Posted on Februar 8, 2022","modified":"Updated on Januar 31, 2026"},"absolute_dates_time":{"created":"Posted on Februar 8, 2022 11:29 a.m.","modified":"Updated on Januar 31, 2026 6:07 p.m."},"featured_img_caption":"","featured_img":"https:\/\/www.castellatemar.com\/wp-content\/uploads\/2022\/02\/castel_latemar_esterni_02-1568x491.jpg","series_order":"","_links":{"self":[{"href":"https:\/\/www.castellatemar.com\/de\/wp-json\/wp\/v2\/pages\/1333","targetHints":{"allow":["GET"]}}],"collection":[{"href":"https:\/\/www.castellatemar.com\/de\/wp-json\/wp\/v2\/pages"}],"about":[{"href":"https:\/\/www.castellatemar.com\/de\/wp-json\/wp\/v2\/types\/page"}],"author":[{"embeddable":true,"href":"https:\/\/www.castellatemar.com\/de\/wp-json\/wp\/v2\/users\/2"}],"replies":[{"embeddable":true,"href":"https:\/\/www.castellatemar.com\/de\/wp-json\/wp\/v2\/comments?post=1333"}],"version-history":[{"count":8,"href":"https:\/\/www.castellatemar.com\/de\/wp-json\/wp\/v2\/pages\/1333\/revisions"}],"predecessor-version":[{"id":2810,"href":"https:\/\/www.castellatemar.com\/de\/wp-json\/wp\/v2\/pages\/1333\/revisions\/2810"}],"wp:featuredmedia":[{"embeddable":true,"href":"https:\/\/www.castellatemar.com\/de\/wp-json\/wp\/v2\/media\/1184"}],"wp:attachment":[{"href":"https:\/\/www.castellatemar.com\/de\/wp-json\/wp\/v2\/media?parent=1333"}],"curies":[{"name":"wp","href":"https:\/\/api.w.org\/{rel}","templated":true}]}}