{"id":1349,"date":"2022-02-09T14:57:04","date_gmt":"2022-02-09T13:57:04","guid":{"rendered":"https:\/\/www.castellatemar.com\/offerte\/"},"modified":"2022-03-09T17:06:21","modified_gmt":"2022-03-09T16:06:21","slug":"angebote","status":"publish","type":"page","link":"https:\/\/www.castellatemar.com\/de\/angebote\/","title":{"rendered":"Angebote"},"content":{"rendered":"<div  class=\"grids-section grids-is-advanced alignfull\" style=\"--_gs-gap-desktop:0px 0px;--_gs-m-desktop:0 0 0 0;--_gs-p-desktop:0 0 0 0;--_gs-bg-desktop:transparent none;--_gs-bg-xp-desktop:0px;--_gs-zi-desktop:auto;--_gs-d-desktop:block;--_gs-mw-desktop:calc(100% - 0 - 0);--_gs-gap-tablet:0px 0px;--_gs-m-tablet:0 0 0 0;--_gs-p-tablet:0 0 0 0;--_gs-bg-tablet:transparent none;--_gs-bg-xp-tablet:0px;--_gs-zi-tablet:auto;--_gs-d-tablet:block;--_gs-mw-tablet:calc(100% - 0 - 0);--_gs-gap-mobile:0px 0px;--_gs-m-mobile:0 0 0 0;--_gs-p-mobile:0 0 0 0;--_gs-bg-mobile:transparent none;--_gs-bg-xp-mobile:0px;--_gs-zi-mobile:auto;--_gs-d-mobile:block;--_gs-mw-mobile:calc(100% - 0 - 0);--_gs-columns:12;--_gs-rows:6\"><div class=\"grids-s-w_i\">\n<div class=\"grids-area\" style=\"--_ga-column:2\/12;--_ga-row:1\/7;--_ga-m-desktop:0 0 0 0;--_ga-p-desktop:0 0 0 0;--_ga-bg-desktop:transparent none;--_ga-zi-desktop:auto;--_ga-d-desktop:flex;--_ga-mw-desktop:calc(100% - 0 - 0);--_ga-m-tablet:0 0 0 0;--_ga-p-tablet:0 0 0 0;--_ga-bg-tablet:transparent none;--_ga-zi-tablet:auto;--_ga-d-tablet:flex;--_ga-mw-tablet:calc(100% - 0 - 0);--_ga-m-mobile:0 0 0 0;--_ga-p-mobile:0 0 0 0;--_ga-bg-mobile:transparent none;--_ga-zi-mobile:auto;--_ga-d-mobile:flex;--_ga-mw-mobile:calc(100% - 0 - 0)\">\n\n<h2 class=\"has-text-align-center wp-block-heading\" id=\"le-offerte\">Die Angebote<\/h2>\n\n\n\n<p class=\"has-text-align-center\">Entdecken Sie einige unserer Sonderangebote!<\/p>\n\n<\/div>\n<\/div><\/div>\n\n<div  class=\"grids-section category-rooms-banner grids-is-advanced alignfull\" style=\"--_gs-gap-desktop:0px 0px;--_gs-m-desktop:0 0 0 0;--_gs-p-desktop:0 0 0 0;--_gs-bg-desktop:transparent none;--_gs-bg-xp-desktop:0px;--_gs-zi-desktop:auto;--_gs-d-desktop:block;--_gs-mw-desktop:calc(100% - 0 - 0);--_gs-gap-tablet:0px 0px;--_gs-m-tablet:0 0 0 0;--_gs-p-tablet:0 0 0 0;--_gs-bg-tablet:transparent none;--_gs-bg-xp-tablet:0px;--_gs-zi-tablet:auto;--_gs-d-tablet:block;--_gs-mw-tablet:calc(100% - 0 - 0);--_gs-gap-mobile:0px 0px;--_gs-m-mobile:0 0 0 0;--_gs-p-mobile:0 0 0 0;--_gs-bg-mobile:transparent none;--_gs-bg-xp-mobile:0px;--_gs-zi-mobile:auto;--_gs-d-mobile:block;--_gs-mw-mobile:calc(100% - 0 - 0);--_gs-columns:12;--_gs-rows:6\"><div class=\"grids-s-w_i\">\n<div class=\"grids-area\" style=\"--_ga-column:1\/13;--_ga-row:1\/3;--_ga-m-desktop:0 0 0 0;--_ga-p-desktop:0 0 0 0;--_ga-bg-desktop:transparent none;--_ga-zi-desktop:auto;--_ga-d-desktop:flex;--_ga-mw-desktop:calc(100% - 0 - 0);--_ga-m-tablet:0 0 0 0;--_ga-p-tablet:0 0 0 0;--_ga-bg-tablet:transparent none;--_ga-zi-tablet:auto;--_ga-d-tablet:flex;--_ga-mw-tablet:calc(100% - 0 - 0);--_ga-m-mobile:0 0 0 0;--_ga-p-mobile:0 0 0 0;--_ga-bg-mobile:transparent none;--_ga-zi-mobile:auto;--_ga-d-mobile:flex;--_ga-mw-mobile:calc(100% - 0 - 0)\"><\/div>\n\n<div class=\"grids-area\" style=\"--_ga-column:2\/12;--_ga-row:3\/7;--_ga-m-desktop:0 0 0 0;--_ga-p-desktop:0 0 0 0;--_ga-bg-desktop:transparent none;--_ga-zi-desktop:auto;--_ga-d-desktop:flex;--_ga-mw-desktop:calc(100% - 0 - 0);--_ga-m-tablet:0 0 0 0;--_ga-p-tablet:0 0 0 0;--_ga-bg-tablet:transparent none;--_ga-zi-tablet:auto;--_ga-d-tablet:flex;--_ga-mw-tablet:calc(100% - 0 - 0);--_ga-m-mobile:0 0 0 0;--_ga-p-mobile:0 0 0 0;--_ga-bg-mobile:transparent none;--_ga-zi-mobile:auto;--_ga-d-mobile:flex;--_ga-mw-mobile:calc(100% - 0 - 0)\">\n\n<div class=\"offers-list-container\" style=\"--offers-list-container-columns: 3\">\n\t\t\t\t<div class=\"offers-list-container-single \">\n\t\t\t\t<a href=\"https:\/\/www.castellatemar.com\/de\/offer\/angebot\/\" class=\"offers-list-container-single-img has-feature-text\" title=\"Spezielles 7-Tage-Motorrad-Angebot\">\n\t\t\t\t\t\t\t\t\t\t\t<figure class=\"full-width\">\n\t\t\t\t\t\t\t<img decoding=\"async\" src=\"https:\/\/www.castellatemar.com\/wp-content\/uploads\/2021\/09\/castel_latemar_offerta_moto.jpg\" \/>\n\t\t\t\t\t\t<\/figure>\n\t\t\t\t\t\n\t\t\t\t\t\t\t\t\t\t\t<span class=\"offers-list-container-single-feature-text\">\n\t\t\t\t\t\t\tSpezielles Motorrad\t\t\t\t\t\t<\/span>\n\t\t\t\t\t\t\t\t\t<\/a>\n\t\t\t\t\n\t\t\t\t<a href=\"https:\/\/www.castellatemar.com\/de\/offer\/angebot\/\" class=\"offers-list-container-single-title\" title=\"Spezielles 7-Tage-Motorrad-Angebot\">\n\t\t\t\t\t<h3>Spezielles 7-Tage-Motorrad-Angebot<\/h3>\n\n\t\t\t\t\t\t\t\t\t<\/a>\n\n\t\t\t\t<div class=\"offers-list-container-single-short-description\">\n\t\t\t\t\t<p>Das Hotel Castel Latemar ist der ideale Ausgangspunkt f\u00fcr Ihre Motorradtouren durch die Landschaften der Dolomiten. Nutzen Sie das &#8222;Motorrad-Spezial&#8220;-Angebot, um den Sommer Ihrer Leidenschaft zu folgen!<\/p>\n\t\t\t\t<\/div>\n\n\t\t\t\t<a href=\"https:\/\/www.castellatemar.com\/de\/offer\/angebot\/\" title=\"Spezielles 7-Tage-Motorrad-Angebot\" class=\"btn offers-list-container-single-button\">\n\t\t\t\t\tEntdecken Sie das Paket\t\t\t\t<\/a>\n\t\t\t<\/div>\n\t\t\t\t\t\t<div class=\"offers-list-container-single \">\n\t\t\t\t<a href=\"https:\/\/www.castellatemar.com\/de\/offer\/spezielles-all-inclusive-angebot\/\" class=\"offers-list-container-single-img has-feature-text\" title=\"Carezza All Inclusive\">\n\t\t\t\t\t\t\t\t\t\t\t<figure class=\"full-width\">\n\t\t\t\t\t\t\t<img decoding=\"async\" src=\"https:\/\/www.castellatemar.com\/wp-content\/uploads\/2022\/02\/castel_latemar_inverno_banner.jpg\" \/>\n\t\t\t\t\t\t<\/figure>\n\t\t\t\t\t\n\t\t\t\t\t\t\t\t\t\t\t<span class=\"offers-list-container-single-feature-text\">\n\t\t\t\t\t\t\tAll Inclusive\t\t\t\t\t\t<\/span>\n\t\t\t\t\t\t\t\t\t<\/a>\n\t\t\t\t\n\t\t\t\t<a href=\"https:\/\/www.castellatemar.com\/de\/offer\/spezielles-all-inclusive-angebot\/\" class=\"offers-list-container-single-title\" title=\"Carezza All Inclusive\">\n\t\t\t\t\t<h3>Carezza All Inclusive<\/h3>\n\n\t\t\t\t\t\t\t\t\t<\/a>\n\n\t\t\t\t<div class=\"offers-list-container-single-short-description\">\n\t\t\t\t\t<p>M\u00f6chten Sie Ihren Winterurlaub genie\u00dfen, ohne an irgendetwas denken zu m\u00fcssen? Dann ist Carezza der richtige Ort f\u00fcr Sie. Das sonnigste Skigebiet S\u00fcdtirols bietet ein atemberaubendes Panorama und bestens pr\u00e4parierte Pisten f\u00fcr einen All-Inclusive-Urlaub mit vielen Inklusivleistungen!<\/p>\n\t\t\t\t<\/div>\n\n\t\t\t\t<a href=\"https:\/\/www.castellatemar.com\/de\/offer\/spezielles-all-inclusive-angebot\/\" title=\"Carezza All Inclusive\" class=\"btn offers-list-container-single-button\">\n\t\t\t\t\tEntdecken Sie das Paket\t\t\t\t<\/a>\n\t\t\t<\/div>\n\t\t\t\t\t\t<div class=\"offers-list-container-single \">\n\t\t\t\t<a href=\"https:\/\/www.castellatemar.com\/de\/offer\/2084\/\" class=\"offers-list-container-single-img has-feature-text\" title=\"Val d&#8217;Ega 2026 (23\/5-03\/10\/26)\">\n\t\t\t\t\t\t\t\t\t\t\t<figure class=\"full-width\">\n\t\t\t\t\t\t\t<img decoding=\"async\" src=\"https:\/\/www.castellatemar.com\/wp-content\/uploads\/2022\/02\/castel_latemar_paesaggi_montagna.jpg\" \/>\n\t\t\t\t\t\t<\/figure>\n\t\t\t\t\t\n\t\t\t\t\t\t\t\t\t\t\t<span class=\"offers-list-container-single-feature-text\">\n\t\t\t\t\t\t\tAusfl\u00fcge\t\t\t\t\t\t<\/span>\n\t\t\t\t\t\t\t\t\t<\/a>\n\t\t\t\t\n\t\t\t\t<a href=\"https:\/\/www.castellatemar.com\/de\/offer\/2084\/\" class=\"offers-list-container-single-title\" title=\"Val d&#8217;Ega 2026 (23\/5-03\/10\/26)\">\n\t\t\t\t\t<h3>Val d&#8217;Ega 2026 (23\/5-03\/10\/26)<\/h3>\n\n\t\t\t\t\t\t\t\t\t<\/a>\n\n\t\t\t\t<div class=\"offers-list-container-single-short-description\">\n\t\t\t\t\t<p>M\u00f6chten Sie Ihren Winterurlaub genie\u00dfen, ohne an irgendetwas denken zu m\u00fcssen? Dann ist Carezza der richtige Ort f\u00fcr Sie. Das sonnigste Skigebiet S\u00fcdtirols bietet ein atemberaubendes Panorama und bestens pr\u00e4parierte Pisten f\u00fcr einen All-Inclusive-Urlaub mit vielen Inklusivleistungen!<\/p>\n\t\t\t\t<\/div>\n\n\t\t\t\t<a href=\"https:\/\/www.castellatemar.com\/de\/offer\/2084\/\" title=\"Val d&#8217;Ega 2026 (23\/5-03\/10\/26)\" class=\"btn offers-list-container-single-button\">\n\t\t\t\t\tEntdecken Sie das Paket\t\t\t\t<\/a>\n\t\t\t<\/div>\n\t\t\t\t\t\t<div class=\"offers-list-container-single \">\n\t\t\t\t<a href=\"https:\/\/www.castellatemar.com\/de\/offer\/val-dega-2026\/\" class=\"offers-list-container-single-img \" title=\"Val d&#8217;Ega 2026(13.06.-21.06.2026)\">\n\t\t\t\t\t\t\t\t\t\t\t<figure class=\"full-width\">\n\t\t\t\t\t\t\t<img decoding=\"async\" src=\"https:\/\/www.castellatemar.com\/wp-content\/uploads\/2022\/02\/castel_latemar_paesaggi_montagna.jpg\" \/>\n\t\t\t\t\t\t<\/figure>\n\t\t\t\t\t\n\t\t\t\t\t\t\t\t\t<\/a>\n\t\t\t\t\n\t\t\t\t<a href=\"https:\/\/www.castellatemar.com\/de\/offer\/val-dega-2026\/\" class=\"offers-list-container-single-title\" title=\"Val d&#8217;Ega 2026(13.06.-21.06.2026)\">\n\t\t\t\t\t<h3>Val d&#8217;Ega 2026(13.06.-21.06.2026)<\/h3>\n\n\t\t\t\t\t\t\t\t\t<\/a>\n\n\t\t\t\t<div class=\"offers-list-container-single-short-description\">\n\t\t\t\t\t<p>M\u00f6chten Sie Ihren Winterurlaub genie\u00dfen, ohne an irgendetwas denken zu m\u00fcssen? Dann ist Carezza der richtige Ort f\u00fcr Sie. Das sonnigste Skigebiet S\u00fcdtirols bietet ein atemberaubendes Panorama und bestens pr\u00e4parierte Pisten f\u00fcr einen All-Inclusive-Urlaub mit vielen Inklusivleistungen!<\/p>\n\t\t\t\t<\/div>\n\n\t\t\t\t<a href=\"https:\/\/www.castellatemar.com\/de\/offer\/val-dega-2026\/\" title=\"Val d&#8217;Ega 2026(13.06.-21.06.2026)\" class=\"btn offers-list-container-single-button\">\n\t\t\t\t\tEntdecken Sie das Paket\t\t\t\t<\/a>\n\t\t\t<\/div>\n\t\t\t\n\t<\/div>\n\n\n\n<\/div>\n<\/div><\/div>","protected":false},"excerpt":{"rendered":"","protected":false},"author":2,"featured_media":1185,"parent":0,"menu_order":0,"comment_status":"closed","ping_status":"closed","template":"","meta":{"_acf_changed":false,"advgb_blocks_editor_width":"","advgb_blocks_columns_visual_guide":"","footnotes":""},"class_list":["post-1349","page","type-page","status-publish","has-post-thumbnail","hentry","entry"],"acf":[],"yoast_head":"<!-- This site is optimized with the Yoast SEO plugin v26.0 - https:\/\/yoast.com\/wordpress\/plugins\/seo\/ -->\n<title>Angebote - Hotel Castel Latemar<\/title>\n<meta name=\"description\" content=\"Entdecken Sie einige unserer Sonderangebote im Hotel Castel Latemar!\" \/>\n<meta name=\"robots\" content=\"index, follow, max-snippet:-1, max-image-preview:large, max-video-preview:-1\" \/>\n<link rel=\"canonical\" href=\"https:\/\/www.castellatemar.com\/de\/angebote\/\" \/>\n<meta property=\"og:locale\" content=\"de_DE\" \/>\n<meta property=\"og:type\" content=\"article\" \/>\n<meta property=\"og:title\" content=\"Angebote - Hotel Castel Latemar\" \/>\n<meta property=\"og:description\" content=\"Entdecken Sie einige unserer Sonderangebote im Hotel Castel Latemar!\" \/>\n<meta property=\"og:url\" content=\"https:\/\/www.castellatemar.com\/de\/angebote\/\" \/>\n<meta property=\"og:site_name\" content=\"Hotel Castel Latemar\" \/>\n<meta property=\"article:modified_time\" content=\"2022-03-09T16:06:21+00:00\" \/>\n<meta property=\"og:image\" content=\"https:\/\/www.castellatemar.com\/wp-content\/uploads\/2022\/02\/hotel_castel_latemar_estate.jpg\" \/>\n\t<meta property=\"og:image:width\" content=\"1800\" \/>\n\t<meta property=\"og:image:height\" content=\"1200\" \/>\n\t<meta property=\"og:image:type\" content=\"image\/jpeg\" \/>\n<meta name=\"twitter:card\" content=\"summary_large_image\" \/>\n<meta name=\"twitter:label1\" content=\"Gesch\u00e4tzte Lesezeit\" \/>\n\t<meta name=\"twitter:data1\" content=\"1\u00a0Minute\" \/>\n<script type=\"application\/ld+json\" class=\"yoast-schema-graph\">{\"@context\":\"https:\/\/schema.org\",\"@graph\":[{\"@type\":\"WebPage\",\"@id\":\"https:\/\/www.castellatemar.com\/de\/angebote\/\",\"url\":\"https:\/\/www.castellatemar.com\/de\/angebote\/\",\"name\":\"Angebote - Hotel Castel Latemar\",\"isPartOf\":{\"@id\":\"https:\/\/www.castellatemar.com\/de\/#website\"},\"primaryImageOfPage\":{\"@id\":\"https:\/\/www.castellatemar.com\/de\/angebote\/#primaryimage\"},\"image\":{\"@id\":\"https:\/\/www.castellatemar.com\/de\/angebote\/#primaryimage\"},\"thumbnailUrl\":\"https:\/\/www.castellatemar.com\/wp-content\/uploads\/2022\/02\/hotel_castel_latemar_estate.jpg\",\"datePublished\":\"2022-02-09T13:57:04+00:00\",\"dateModified\":\"2022-03-09T16:06:21+00:00\",\"description\":\"Entdecken Sie einige unserer Sonderangebote im Hotel Castel Latemar!\",\"breadcrumb\":{\"@id\":\"https:\/\/www.castellatemar.com\/de\/angebote\/#breadcrumb\"},\"inLanguage\":\"de\",\"potentialAction\":[{\"@type\":\"ReadAction\",\"target\":[\"https:\/\/www.castellatemar.com\/de\/angebote\/\"]}]},{\"@type\":\"ImageObject\",\"inLanguage\":\"de\",\"@id\":\"https:\/\/www.castellatemar.com\/de\/angebote\/#primaryimage\",\"url\":\"https:\/\/www.castellatemar.com\/wp-content\/uploads\/2022\/02\/hotel_castel_latemar_estate.jpg\",\"contentUrl\":\"https:\/\/www.castellatemar.com\/wp-content\/uploads\/2022\/02\/hotel_castel_latemar_estate.jpg\",\"width\":1800,\"height\":1200},{\"@type\":\"BreadcrumbList\",\"@id\":\"https:\/\/www.castellatemar.com\/de\/angebote\/#breadcrumb\",\"itemListElement\":[{\"@type\":\"ListItem\",\"position\":1,\"name\":\"Home\",\"item\":\"https:\/\/www.castellatemar.com\/de\/\"},{\"@type\":\"ListItem\",\"position\":2,\"name\":\"Angebote\"}]},{\"@type\":\"WebSite\",\"@id\":\"https:\/\/www.castellatemar.com\/de\/#website\",\"url\":\"https:\/\/www.castellatemar.com\/de\/\",\"name\":\"Hotel Castel Latemar\",\"description\":\"\",\"publisher\":{\"@id\":\"https:\/\/www.castellatemar.com\/de\/#organization\"},\"potentialAction\":[{\"@type\":\"SearchAction\",\"target\":{\"@type\":\"EntryPoint\",\"urlTemplate\":\"https:\/\/www.castellatemar.com\/de\/?s={search_term_string}\"},\"query-input\":{\"@type\":\"PropertyValueSpecification\",\"valueRequired\":true,\"valueName\":\"search_term_string\"}}],\"inLanguage\":\"de\"},{\"@type\":\"Organization\",\"@id\":\"https:\/\/www.castellatemar.com\/de\/#organization\",\"name\":\"Hotel Castel Latemar\",\"url\":\"https:\/\/www.castellatemar.com\/de\/\",\"logo\":{\"@type\":\"ImageObject\",\"inLanguage\":\"de\",\"@id\":\"https:\/\/www.castellatemar.com\/de\/#\/schema\/logo\/image\/\",\"url\":\"https:\/\/www.castellatemar.com\/wp-content\/uploads\/2022\/01\/logo.png\",\"contentUrl\":\"https:\/\/www.castellatemar.com\/wp-content\/uploads\/2022\/01\/logo.png\",\"width\":165,\"height\":125,\"caption\":\"Hotel Castel Latemar\"},\"image\":{\"@id\":\"https:\/\/www.castellatemar.com\/de\/#\/schema\/logo\/image\/\"}}]}<\/script>\n<!-- \/ Yoast SEO plugin. -->","yoast_head_json":{"title":"Angebote - Hotel Castel Latemar","description":"Entdecken Sie einige unserer Sonderangebote im Hotel Castel Latemar!","robots":{"index":"index","follow":"follow","max-snippet":"max-snippet:-1","max-image-preview":"max-image-preview:large","max-video-preview":"max-video-preview:-1"},"canonical":"https:\/\/www.castellatemar.com\/de\/angebote\/","og_locale":"de_DE","og_type":"article","og_title":"Angebote - Hotel Castel Latemar","og_description":"Entdecken Sie einige unserer Sonderangebote im Hotel Castel Latemar!","og_url":"https:\/\/www.castellatemar.com\/de\/angebote\/","og_site_name":"Hotel Castel Latemar","article_modified_time":"2022-03-09T16:06:21+00:00","og_image":[{"width":1800,"height":1200,"url":"https:\/\/www.castellatemar.com\/wp-content\/uploads\/2022\/02\/hotel_castel_latemar_estate.jpg","type":"image\/jpeg"}],"twitter_card":"summary_large_image","twitter_misc":{"Gesch\u00e4tzte Lesezeit":"1\u00a0Minute"},"schema":{"@context":"https:\/\/schema.org","@graph":[{"@type":"WebPage","@id":"https:\/\/www.castellatemar.com\/de\/angebote\/","url":"https:\/\/www.castellatemar.com\/de\/angebote\/","name":"Angebote - Hotel Castel Latemar","isPartOf":{"@id":"https:\/\/www.castellatemar.com\/de\/#website"},"primaryImageOfPage":{"@id":"https:\/\/www.castellatemar.com\/de\/angebote\/#primaryimage"},"image":{"@id":"https:\/\/www.castellatemar.com\/de\/angebote\/#primaryimage"},"thumbnailUrl":"https:\/\/www.castellatemar.com\/wp-content\/uploads\/2022\/02\/hotel_castel_latemar_estate.jpg","datePublished":"2022-02-09T13:57:04+00:00","dateModified":"2022-03-09T16:06:21+00:00","description":"Entdecken Sie einige unserer Sonderangebote im Hotel Castel Latemar!","breadcrumb":{"@id":"https:\/\/www.castellatemar.com\/de\/angebote\/#breadcrumb"},"inLanguage":"de","potentialAction":[{"@type":"ReadAction","target":["https:\/\/www.castellatemar.com\/de\/angebote\/"]}]},{"@type":"ImageObject","inLanguage":"de","@id":"https:\/\/www.castellatemar.com\/de\/angebote\/#primaryimage","url":"https:\/\/www.castellatemar.com\/wp-content\/uploads\/2022\/02\/hotel_castel_latemar_estate.jpg","contentUrl":"https:\/\/www.castellatemar.com\/wp-content\/uploads\/2022\/02\/hotel_castel_latemar_estate.jpg","width":1800,"height":1200},{"@type":"BreadcrumbList","@id":"https:\/\/www.castellatemar.com\/de\/angebote\/#breadcrumb","itemListElement":[{"@type":"ListItem","position":1,"name":"Home","item":"https:\/\/www.castellatemar.com\/de\/"},{"@type":"ListItem","position":2,"name":"Angebote"}]},{"@type":"WebSite","@id":"https:\/\/www.castellatemar.com\/de\/#website","url":"https:\/\/www.castellatemar.com\/de\/","name":"Hotel Castel Latemar","description":"","publisher":{"@id":"https:\/\/www.castellatemar.com\/de\/#organization"},"potentialAction":[{"@type":"SearchAction","target":{"@type":"EntryPoint","urlTemplate":"https:\/\/www.castellatemar.com\/de\/?s={search_term_string}"},"query-input":{"@type":"PropertyValueSpecification","valueRequired":true,"valueName":"search_term_string"}}],"inLanguage":"de"},{"@type":"Organization","@id":"https:\/\/www.castellatemar.com\/de\/#organization","name":"Hotel Castel Latemar","url":"https:\/\/www.castellatemar.com\/de\/","logo":{"@type":"ImageObject","inLanguage":"de","@id":"https:\/\/www.castellatemar.com\/de\/#\/schema\/logo\/image\/","url":"https:\/\/www.castellatemar.com\/wp-content\/uploads\/2022\/01\/logo.png","contentUrl":"https:\/\/www.castellatemar.com\/wp-content\/uploads\/2022\/01\/logo.png","width":165,"height":125,"caption":"Hotel Castel Latemar"},"image":{"@id":"https:\/\/www.castellatemar.com\/de\/#\/schema\/logo\/image\/"}}]}},"coauthors":[],"author_meta":{"author_link":"https:\/\/www.castellatemar.com\/de\/author\/c4st3l-l4tema4r\/","display_name":"c4st3l-l4tema4r"},"relative_dates":{"created":"Posted 4\u00a0Jahren ago","modified":"Updated 4\u00a0Jahren ago"},"absolute_dates":{"created":"Posted on Februar 9, 2022","modified":"Updated on M\u00e4rz 9, 2022"},"absolute_dates_time":{"created":"Posted on Februar 9, 2022 2:57 p.m.","modified":"Updated on M\u00e4rz 9, 2022 5:06 p.m."},"featured_img_caption":"","featured_img":"https:\/\/www.castellatemar.com\/wp-content\/uploads\/2022\/02\/hotel_castel_latemar_estate-1568x1045.jpg","series_order":"","_links":{"self":[{"href":"https:\/\/www.castellatemar.com\/de\/wp-json\/wp\/v2\/pages\/1349","targetHints":{"allow":["GET"]}}],"collection":[{"href":"https:\/\/www.castellatemar.com\/de\/wp-json\/wp\/v2\/pages"}],"about":[{"href":"https:\/\/www.castellatemar.com\/de\/wp-json\/wp\/v2\/types\/page"}],"author":[{"embeddable":true,"href":"https:\/\/www.castellatemar.com\/de\/wp-json\/wp\/v2\/users\/2"}],"replies":[{"embeddable":true,"href":"https:\/\/www.castellatemar.com\/de\/wp-json\/wp\/v2\/comments?post=1349"}],"version-history":[{"count":4,"href":"https:\/\/www.castellatemar.com\/de\/wp-json\/wp\/v2\/pages\/1349\/revisions"}],"predecessor-version":[{"id":1619,"href":"https:\/\/www.castellatemar.com\/de\/wp-json\/wp\/v2\/pages\/1349\/revisions\/1619"}],"wp:featuredmedia":[{"embeddable":true,"href":"https:\/\/www.castellatemar.com\/de\/wp-json\/wp\/v2\/media\/1185"}],"wp:attachment":[{"href":"https:\/\/www.castellatemar.com\/de\/wp-json\/wp\/v2\/media?parent=1349"}],"curies":[{"name":"wp","href":"https:\/\/api.w.org\/{rel}","templated":true}]}}