{"id":403,"date":"2022-02-01T19:48:57","date_gmt":"2022-02-01T18:48:57","guid":{"rendered":"https:\/\/www.castellatemar.com\/?page_id=403"},"modified":"2023-09-13T08:57:45","modified_gmt":"2023-09-13T06:57:45","slug":"dove-siamo","status":"publish","type":"page","link":"https:\/\/www.castellatemar.com\/it\/dove-siamo\/","title":{"rendered":"Dove siamo"},"content":{"rendered":"<div  class=\"grids-section padding-sides grids-is-advanced alignfull\" style=\"--_gs-gap-desktop:0px 0px;--_gs-m-desktop:0 0 0 0;--_gs-p-desktop:0 0 0 0;--_gs-bg-desktop:transparent none;--_gs-bg-xp-desktop:0px;--_gs-zi-desktop:auto;--_gs-d-desktop:block;--_gs-mw-desktop:calc(100% - 0 - 0);--_gs-gap-tablet:0px 0px;--_gs-m-tablet:0 0 0 0;--_gs-p-tablet:0 0 0 0;--_gs-bg-tablet:transparent none;--_gs-bg-xp-tablet:0px;--_gs-zi-tablet:auto;--_gs-d-tablet:block;--_gs-mw-tablet:calc(100% - 0 - 0);--_gs-gap-mobile:0px 0px;--_gs-m-mobile:0 0 0 0;--_gs-p-mobile:0 0 0 0;--_gs-bg-mobile:transparent none;--_gs-bg-xp-mobile:0px;--_gs-zi-mobile:auto;--_gs-d-mobile:block;--_gs-mw-mobile:calc(100% - 0 - 0);--_gs-columns:12;--_gs-rows:6\"><div class=\"grids-s-w_i\">\n<div class=\"grids-area\" style=\"--_ga-column:2\/12;--_ga-row:1\/7;--_ga-m-desktop:0 0 0 0;--_ga-p-desktop:0 0 0 0;--_ga-bg-desktop:transparent none;--_ga-zi-desktop:auto;--_ga-d-desktop:flex;--_ga-mw-desktop:calc(100% - 0 - 0);--_ga-m-tablet:0 0 0 0;--_ga-p-tablet:0 0 0 0;--_ga-bg-tablet:transparent none;--_ga-zi-tablet:auto;--_ga-d-tablet:flex;--_ga-mw-tablet:calc(100% - 0 - 0);--_ga-m-mobile:0 0 0 0;--_ga-p-mobile:0 0 0 0;--_ga-bg-mobile:transparent none;--_ga-zi-mobile:auto;--_ga-d-mobile:flex;--_ga-mw-mobile:calc(100% - 0 - 0)\">\n\n<h2 class=\"wp-block-heading has-text-align-center advgb-dyn-367b38ce\" id=\"dove-siamo\">Dove siamo<\/h2>\n\n\n\n<p class=\"has-text-align-center\">Il paesino di Carezza \u00e8 cos\u00ec piccino da risultare magicamente fiabesco. Questo piccolo borgo si \u00e8 scelto un posticino perfetto, esattamente tra Nova Levante e il Passo di Costalunga, <strong>nel cuore delle splendide foreste del Latemar<\/strong>. L\u00ec dove i sentieri di montagna si intrecciano, l\u00ec dove nascono meravigliose fiabe, l\u00ec dove il suggestivo Latemar veglia dall\u2019alto. <\/p>\n\n\n\n<p class=\"has-text-align-center\">E, per chi lo desidera, il centro di Bolzano dista solo 30 minuti di macchina.<\/p>\n\n\n<div  class=\"grids-section grids-is-stretch\" style=\"--_gs-gap-desktop:0px 0px;--_gs-m-desktop:0 0 0 0;--_gs-p-desktop:0 0 0 0;--_gs-bg-desktop:transparent none;--_gs-bg-xp-desktop:0px;--_gs-zi-desktop:auto;--_gs-d-desktop:block;--_gs-mw-desktop:calc(100% - 0 - 0);--_gs-gap-tablet:0px 0px;--_gs-m-tablet:0 0 0 0;--_gs-p-tablet:0 0 0 0;--_gs-bg-tablet:transparent none;--_gs-bg-xp-tablet:0px;--_gs-zi-tablet:auto;--_gs-d-tablet:block;--_gs-mw-tablet:calc(100% - 0 - 0);--_gs-gap-mobile:0px 0px;--_gs-m-mobile:0 0 0 0;--_gs-p-mobile:0 0 0 0;--_gs-bg-mobile:transparent none;--_gs-bg-xp-mobile:0px;--_gs-zi-mobile:auto;--_gs-d-mobile:block;--_gs-mw-mobile:calc(100% - 0 - 0);--_gs-columns:1;--_gs-rows:1\"><div class=\"grids-s-w_i\">\n<div class=\"grids-area\" style=\"--_ga-column:1\/2;--_ga-row:1\/2;--_ga-m-desktop:0 0 0 0;--_ga-p-desktop:0 0 0 0;--_ga-bg-desktop:transparent none;--_ga-zi-desktop:auto;--_ga-d-desktop:flex;--_ga-mw-desktop:calc(100% - 0 - 0);--_ga-m-tablet:0 0 0 0;--_ga-p-tablet:0 0 0 0;--_ga-bg-tablet:transparent none;--_ga-zi-tablet:auto;--_ga-d-tablet:flex;--_ga-mw-tablet:calc(100% - 0 - 0);--_ga-m-mobile:0 0 0 0;--_ga-p-mobile:0 0 0 0;--_ga-bg-mobile:transparent none;--_ga-zi-mobile:auto;--_ga-d-mobile:flex;--_ga-mw-mobile:calc(100% - 0 - 0)\"><\/div>\n<\/div><\/div>\n\n\n<h2 class=\"wp-block-heading has-text-align-center advgb-dyn-9900d519\" id=\"nelle-vicinanze\">Nelle vicinanze<\/h2>\n\n\n\n\n\n\n\n<ul class=\"nearby-list\">\n    <li>Lago di Carezza 2,8 km <\/li>\n    <li>Bolzano 26 km<\/li>\n    <li>Passo Costalunga 650 m<\/li>\n    <li>Impianto di risalita Le Poe 600 m<\/li>\n    <li>Impianto di risalita Pra di Tori 550 m<\/li>\n    <li>Impianto di risalita Paolina 900 m<\/li>\n    <li>Impianto di risalita Hubertus 850 m <\/li>\n    <li>Impianto di risalita Golf 2900 m<\/li>\n<\/ul>\n\n<\/div>\n<\/div><\/div>\n\n<div  class=\"grids-section grids-is-advanced alignwide\" style=\"--_gs-gap-desktop:0px 0px;--_gs-m-desktop:0 0 0 0;--_gs-p-desktop:0 0 0 0;--_gs-bg-desktop:transparent none;--_gs-bg-xp-desktop:0px;--_gs-zi-desktop:auto;--_gs-d-desktop:block;--_gs-mw-desktop:calc(100% - 0 - 0);--_gs-gap-tablet:0px 0px;--_gs-m-tablet:0 0 0 0;--_gs-p-tablet:0 0 0 0;--_gs-bg-tablet:transparent none;--_gs-bg-xp-tablet:0px;--_gs-zi-tablet:auto;--_gs-d-tablet:block;--_gs-mw-tablet:calc(100% - 0 - 0);--_gs-gap-mobile:0px 0px;--_gs-m-mobile:0 0 0 0;--_gs-p-mobile:0 0 0 0;--_gs-bg-mobile:transparent none;--_gs-bg-xp-mobile:0px;--_gs-zi-mobile:auto;--_gs-d-mobile:block;--_gs-mw-mobile:calc(100% - 0 - 0);--_gs-columns:12;--_gs-rows:6\"><div class=\"grids-s-w_i\">\n<div class=\"grids-area\" style=\"--_ga-column:2\/12;--_ga-row:1\/7;--_ga-m-desktop:0 0 0 0;--_ga-p-desktop:0 0 0 0;--_ga-bg-desktop:transparent none;--_ga-zi-desktop:auto;--_ga-d-desktop:flex;--_ga-mw-desktop:calc(100% - 0 - 0);--_ga-m-tablet:0 0 0 0;--_ga-p-tablet:0 0 0 0;--_ga-bg-tablet:transparent none;--_ga-zi-tablet:auto;--_ga-d-tablet:flex;--_ga-mw-tablet:calc(100% - 0 - 0);--_ga-m-mobile:0 0 0 0;--_ga-p-mobile:0 0 0 0;--_ga-bg-mobile:transparent none;--_ga-zi-mobile:auto;--_ga-d-mobile:flex;--_ga-mw-mobile:calc(100% - 0 - 0)\">\n\n<h2 class=\"wp-block-heading has-text-align-center advgb-dyn-cd7e7937\" id=\"come-arrivare\">Come arrivare<\/h2>\n\n\n\n<iframe src=\"https:\/\/www.google.com\/maps\/embed?pb=!1m18!1m12!1m3!1d26340.660035227516!2d11.582071315362771!3d46.42065555695419!2m3!1f0!2f0!3f0!3m2!1i1024!2i768!4f13.1!3m3!1m2!1s0x47786f9f27dcaf2f%3A0x31ebbb9f2c47c30a!2sHotel%20Castel%20Latemar!5e0!3m2!1sit!2sit!4v1644310354544!5m2!1sit!2sit\" width=\"100%\" height=\"450\" style=\"border:0;\" allowfullscreen=\"\" loading=\"lazy\"><\/iframe>\n\n\n<div  class=\"grids-section grids-is-stretch\" style=\"--_gs-gap-desktop:0px 0px;--_gs-m-desktop:0 0 0 0;--_gs-p-desktop:0 0 0 0;--_gs-bg-desktop:transparent none;--_gs-bg-xp-desktop:0px;--_gs-zi-desktop:auto;--_gs-d-desktop:block;--_gs-mw-desktop:calc(100% - 0 - 0);--_gs-gap-tablet:0px 0px;--_gs-m-tablet:0 0 0 0;--_gs-p-tablet:0 0 0 0;--_gs-bg-tablet:transparent none;--_gs-bg-xp-tablet:0px;--_gs-zi-tablet:auto;--_gs-d-tablet:block;--_gs-mw-tablet:calc(100% - 0 - 0);--_gs-gap-mobile:0px 0px;--_gs-m-mobile:0 0 0 0;--_gs-p-mobile:0 0 0 0;--_gs-bg-mobile:transparent none;--_gs-bg-xp-mobile:0px;--_gs-zi-mobile:auto;--_gs-d-mobile:block;--_gs-mw-mobile:calc(100% - 0 - 0);--_gs-columns:1;--_gs-rows:1\"><div class=\"grids-s-w_i\">\n<div class=\"grids-area\" style=\"--_ga-column:1\/2;--_ga-row:1\/2;--_ga-m-desktop:0 0 0 0;--_ga-p-desktop:0 0 0 0;--_ga-bg-desktop:transparent none;--_ga-zi-desktop:auto;--_ga-d-desktop:flex;--_ga-mw-desktop:calc(100% - 0 - 0);--_ga-m-tablet:0 0 0 0;--_ga-p-tablet:0 0 0 0;--_ga-bg-tablet:transparent none;--_ga-zi-tablet:auto;--_ga-d-tablet:flex;--_ga-mw-tablet:calc(100% - 0 - 0);--_ga-m-mobile:0 0 0 0;--_ga-p-mobile:0 0 0 0;--_ga-bg-mobile:transparent none;--_ga-zi-mobile:auto;--_ga-d-mobile:flex;--_ga-mw-mobile:calc(100% - 0 - 0)\">\n\n<h2 class=\"wp-block-heading has-text-align-center advgb-dyn-259f873d\" id=\"contattaci\">Contattaci<\/h2>\n\n\n\n<p>Hotel Castel Latemar<br>Via Carezza Nr. 136<br>39056 Carezza &#8211; Nova Levante (BZ)<br><br>GPS: <a href=\"https:\/\/goo.gl\/maps\/1bz2ABvL6MgpVYUu6\" target=\"_blank\" rel=\"noreferrer noopener\">46.4070251179734, 11.60304414231569<\/a><br><\/p>\n\n\n\n<p>Telefono: <a href=\"tel:&quot;+390471612140&quot;\">+ 39 0471  612140<\/a><\/p>\n\n\n\n<p>Email: <a href=\"mailto:info@castellatemar.com\">info@castellatemar.com<\/a><\/p>\n\n<\/div>\n<\/div><\/div>\n<\/div>\n<\/div><\/div>","protected":false},"excerpt":{"rendered":"","protected":false},"author":2,"featured_media":515,"parent":0,"menu_order":0,"comment_status":"closed","ping_status":"closed","template":"","meta":{"_acf_changed":false,"advgb_blocks_editor_width":"","advgb_blocks_columns_visual_guide":"","footnotes":""},"class_list":["post-403","page","type-page","status-publish","has-post-thumbnail","hentry","entry"],"acf":[],"yoast_head":"<!-- This site is optimized with the Yoast SEO plugin v26.0 - https:\/\/yoast.com\/wordpress\/plugins\/seo\/ -->\n<title>Dove siamo - Hotel Castel Latemar<\/title>\n<meta name=\"description\" content=\"Questo piccolo borgo si \u00e8 scelto un posticino perfetto, esattamente tra Nova Levante e il Passo di Costalunga, nel cuore delle splendide foreste del Latemar.\" \/>\n<meta name=\"robots\" content=\"index, follow, max-snippet:-1, max-image-preview:large, max-video-preview:-1\" \/>\n<link rel=\"canonical\" href=\"https:\/\/www.castellatemar.com\/it\/dove-siamo\/\" \/>\n<meta property=\"og:locale\" content=\"it_IT\" \/>\n<meta property=\"og:type\" content=\"article\" \/>\n<meta property=\"og:title\" content=\"Dove siamo - Hotel Castel Latemar\" \/>\n<meta property=\"og:description\" content=\"Questo piccolo borgo si \u00e8 scelto un posticino perfetto, esattamente tra Nova Levante e il Passo di Costalunga, nel cuore delle splendide foreste del Latemar.\" \/>\n<meta property=\"og:url\" content=\"https:\/\/www.castellatemar.com\/it\/dove-siamo\/\" \/>\n<meta property=\"og:site_name\" content=\"Hotel Castel Latemar\" \/>\n<meta property=\"article:modified_time\" content=\"2023-09-13T06:57:45+00:00\" \/>\n<meta property=\"og:image\" content=\"https:\/\/www.castellatemar.com\/wp-content\/uploads\/2022\/02\/castel_latemar_esterno_estate.jpg\" \/>\n\t<meta property=\"og:image:width\" content=\"2000\" \/>\n\t<meta property=\"og:image:height\" content=\"626\" \/>\n\t<meta property=\"og:image:type\" content=\"image\/jpeg\" \/>\n<meta name=\"twitter:card\" content=\"summary_large_image\" \/>\n<meta name=\"twitter:label1\" content=\"Tempo di lettura stimato\" \/>\n\t<meta name=\"twitter:data1\" content=\"1 minuto\" \/>\n<script type=\"application\/ld+json\" class=\"yoast-schema-graph\">{\"@context\":\"https:\/\/schema.org\",\"@graph\":[{\"@type\":\"WebPage\",\"@id\":\"https:\/\/www.castellatemar.com\/it\/dove-siamo\/\",\"url\":\"https:\/\/www.castellatemar.com\/it\/dove-siamo\/\",\"name\":\"Dove siamo - Hotel Castel Latemar\",\"isPartOf\":{\"@id\":\"https:\/\/www.castellatemar.com\/it\/#website\"},\"primaryImageOfPage\":{\"@id\":\"https:\/\/www.castellatemar.com\/it\/dove-siamo\/#primaryimage\"},\"image\":{\"@id\":\"https:\/\/www.castellatemar.com\/it\/dove-siamo\/#primaryimage\"},\"thumbnailUrl\":\"https:\/\/www.castellatemar.com\/wp-content\/uploads\/2022\/02\/castel_latemar_esterno_estate.jpg\",\"datePublished\":\"2022-02-01T18:48:57+00:00\",\"dateModified\":\"2023-09-13T06:57:45+00:00\",\"description\":\"Questo piccolo borgo si \u00e8 scelto un posticino perfetto, esattamente tra Nova Levante e il Passo di Costalunga, nel cuore delle splendide foreste del Latemar.\",\"breadcrumb\":{\"@id\":\"https:\/\/www.castellatemar.com\/it\/dove-siamo\/#breadcrumb\"},\"inLanguage\":\"it-IT\",\"potentialAction\":[{\"@type\":\"ReadAction\",\"target\":[\"https:\/\/www.castellatemar.com\/it\/dove-siamo\/\"]}]},{\"@type\":\"ImageObject\",\"inLanguage\":\"it-IT\",\"@id\":\"https:\/\/www.castellatemar.com\/it\/dove-siamo\/#primaryimage\",\"url\":\"https:\/\/www.castellatemar.com\/wp-content\/uploads\/2022\/02\/castel_latemar_esterno_estate.jpg\",\"contentUrl\":\"https:\/\/www.castellatemar.com\/wp-content\/uploads\/2022\/02\/castel_latemar_esterno_estate.jpg\",\"width\":2000,\"height\":626},{\"@type\":\"BreadcrumbList\",\"@id\":\"https:\/\/www.castellatemar.com\/it\/dove-siamo\/#breadcrumb\",\"itemListElement\":[{\"@type\":\"ListItem\",\"position\":1,\"name\":\"Home\",\"item\":\"https:\/\/www.castellatemar.com\/it\/\"},{\"@type\":\"ListItem\",\"position\":2,\"name\":\"Dove siamo\"}]},{\"@type\":\"WebSite\",\"@id\":\"https:\/\/www.castellatemar.com\/it\/#website\",\"url\":\"https:\/\/www.castellatemar.com\/it\/\",\"name\":\"Hotel Castel Latemar\",\"description\":\"\",\"publisher\":{\"@id\":\"https:\/\/www.castellatemar.com\/it\/#organization\"},\"potentialAction\":[{\"@type\":\"SearchAction\",\"target\":{\"@type\":\"EntryPoint\",\"urlTemplate\":\"https:\/\/www.castellatemar.com\/it\/?s={search_term_string}\"},\"query-input\":{\"@type\":\"PropertyValueSpecification\",\"valueRequired\":true,\"valueName\":\"search_term_string\"}}],\"inLanguage\":\"it-IT\"},{\"@type\":\"Organization\",\"@id\":\"https:\/\/www.castellatemar.com\/it\/#organization\",\"name\":\"Hotel Castel Latemar\",\"url\":\"https:\/\/www.castellatemar.com\/it\/\",\"logo\":{\"@type\":\"ImageObject\",\"inLanguage\":\"it-IT\",\"@id\":\"https:\/\/www.castellatemar.com\/it\/#\/schema\/logo\/image\/\",\"url\":\"https:\/\/www.castellatemar.com\/wp-content\/uploads\/2022\/01\/logo.png\",\"contentUrl\":\"https:\/\/www.castellatemar.com\/wp-content\/uploads\/2022\/01\/logo.png\",\"width\":165,\"height\":125,\"caption\":\"Hotel Castel Latemar\"},\"image\":{\"@id\":\"https:\/\/www.castellatemar.com\/it\/#\/schema\/logo\/image\/\"}}]}<\/script>\n<!-- \/ Yoast SEO plugin. -->","yoast_head_json":{"title":"Dove siamo - Hotel Castel Latemar","description":"Questo piccolo borgo si \u00e8 scelto un posticino perfetto, esattamente tra Nova Levante e il Passo di Costalunga, nel cuore delle splendide foreste del Latemar.","robots":{"index":"index","follow":"follow","max-snippet":"max-snippet:-1","max-image-preview":"max-image-preview:large","max-video-preview":"max-video-preview:-1"},"canonical":"https:\/\/www.castellatemar.com\/it\/dove-siamo\/","og_locale":"it_IT","og_type":"article","og_title":"Dove siamo - Hotel Castel Latemar","og_description":"Questo piccolo borgo si \u00e8 scelto un posticino perfetto, esattamente tra Nova Levante e il Passo di Costalunga, nel cuore delle splendide foreste del Latemar.","og_url":"https:\/\/www.castellatemar.com\/it\/dove-siamo\/","og_site_name":"Hotel Castel Latemar","article_modified_time":"2023-09-13T06:57:45+00:00","og_image":[{"width":2000,"height":626,"url":"https:\/\/www.castellatemar.com\/wp-content\/uploads\/2022\/02\/castel_latemar_esterno_estate.jpg","type":"image\/jpeg"}],"twitter_card":"summary_large_image","twitter_misc":{"Tempo di lettura stimato":"1 minuto"},"schema":{"@context":"https:\/\/schema.org","@graph":[{"@type":"WebPage","@id":"https:\/\/www.castellatemar.com\/it\/dove-siamo\/","url":"https:\/\/www.castellatemar.com\/it\/dove-siamo\/","name":"Dove siamo - Hotel Castel Latemar","isPartOf":{"@id":"https:\/\/www.castellatemar.com\/it\/#website"},"primaryImageOfPage":{"@id":"https:\/\/www.castellatemar.com\/it\/dove-siamo\/#primaryimage"},"image":{"@id":"https:\/\/www.castellatemar.com\/it\/dove-siamo\/#primaryimage"},"thumbnailUrl":"https:\/\/www.castellatemar.com\/wp-content\/uploads\/2022\/02\/castel_latemar_esterno_estate.jpg","datePublished":"2022-02-01T18:48:57+00:00","dateModified":"2023-09-13T06:57:45+00:00","description":"Questo piccolo borgo si \u00e8 scelto un posticino perfetto, esattamente tra Nova Levante e il Passo di Costalunga, nel cuore delle splendide foreste del Latemar.","breadcrumb":{"@id":"https:\/\/www.castellatemar.com\/it\/dove-siamo\/#breadcrumb"},"inLanguage":"it-IT","potentialAction":[{"@type":"ReadAction","target":["https:\/\/www.castellatemar.com\/it\/dove-siamo\/"]}]},{"@type":"ImageObject","inLanguage":"it-IT","@id":"https:\/\/www.castellatemar.com\/it\/dove-siamo\/#primaryimage","url":"https:\/\/www.castellatemar.com\/wp-content\/uploads\/2022\/02\/castel_latemar_esterno_estate.jpg","contentUrl":"https:\/\/www.castellatemar.com\/wp-content\/uploads\/2022\/02\/castel_latemar_esterno_estate.jpg","width":2000,"height":626},{"@type":"BreadcrumbList","@id":"https:\/\/www.castellatemar.com\/it\/dove-siamo\/#breadcrumb","itemListElement":[{"@type":"ListItem","position":1,"name":"Home","item":"https:\/\/www.castellatemar.com\/it\/"},{"@type":"ListItem","position":2,"name":"Dove siamo"}]},{"@type":"WebSite","@id":"https:\/\/www.castellatemar.com\/it\/#website","url":"https:\/\/www.castellatemar.com\/it\/","name":"Hotel Castel Latemar","description":"","publisher":{"@id":"https:\/\/www.castellatemar.com\/it\/#organization"},"potentialAction":[{"@type":"SearchAction","target":{"@type":"EntryPoint","urlTemplate":"https:\/\/www.castellatemar.com\/it\/?s={search_term_string}"},"query-input":{"@type":"PropertyValueSpecification","valueRequired":true,"valueName":"search_term_string"}}],"inLanguage":"it-IT"},{"@type":"Organization","@id":"https:\/\/www.castellatemar.com\/it\/#organization","name":"Hotel Castel Latemar","url":"https:\/\/www.castellatemar.com\/it\/","logo":{"@type":"ImageObject","inLanguage":"it-IT","@id":"https:\/\/www.castellatemar.com\/it\/#\/schema\/logo\/image\/","url":"https:\/\/www.castellatemar.com\/wp-content\/uploads\/2022\/01\/logo.png","contentUrl":"https:\/\/www.castellatemar.com\/wp-content\/uploads\/2022\/01\/logo.png","width":165,"height":125,"caption":"Hotel Castel Latemar"},"image":{"@id":"https:\/\/www.castellatemar.com\/it\/#\/schema\/logo\/image\/"}}]}},"coauthors":[],"author_meta":{"author_link":"https:\/\/www.castellatemar.com\/it\/author\/c4st3l-l4tema4r\/","display_name":"c4st3l-l4tema4r"},"relative_dates":{"created":"Pubblicato 4 anni fa","modified":"Aggiornato 3 anni fa"},"absolute_dates":{"created":"Pubblicato il Febbraio 1, 2022","modified":"Aggiornato il Settembre 13, 2023"},"absolute_dates_time":{"created":"Pubblicato il Febbraio 1, 2022 7:48 pm","modified":"Aggiornato il Settembre 13, 2023 8:57 am"},"featured_img_caption":"","featured_img":"https:\/\/www.castellatemar.com\/wp-content\/uploads\/2022\/02\/castel_latemar_esterno_estate-1568x491.jpg","series_order":"","_links":{"self":[{"href":"https:\/\/www.castellatemar.com\/it\/wp-json\/wp\/v2\/pages\/403","targetHints":{"allow":["GET"]}}],"collection":[{"href":"https:\/\/www.castellatemar.com\/it\/wp-json\/wp\/v2\/pages"}],"about":[{"href":"https:\/\/www.castellatemar.com\/it\/wp-json\/wp\/v2\/types\/page"}],"author":[{"embeddable":true,"href":"https:\/\/www.castellatemar.com\/it\/wp-json\/wp\/v2\/users\/2"}],"replies":[{"embeddable":true,"href":"https:\/\/www.castellatemar.com\/it\/wp-json\/wp\/v2\/comments?post=403"}],"version-history":[{"count":22,"href":"https:\/\/www.castellatemar.com\/it\/wp-json\/wp\/v2\/pages\/403\/revisions"}],"predecessor-version":[{"id":2123,"href":"https:\/\/www.castellatemar.com\/it\/wp-json\/wp\/v2\/pages\/403\/revisions\/2123"}],"wp:featuredmedia":[{"embeddable":true,"href":"https:\/\/www.castellatemar.com\/it\/wp-json\/wp\/v2\/media\/515"}],"wp:attachment":[{"href":"https:\/\/www.castellatemar.com\/it\/wp-json\/wp\/v2\/media?parent=403"}],"curies":[{"name":"wp","href":"https:\/\/api.w.org\/{rel}","templated":true}]}}